{"id":216,"date":"2023-11-06T13:51:16","date_gmt":"2023-11-06T13:51:16","guid":{"rendered":"https:\/\/ashley-demo.bslthemes.com\/?page_id=216"},"modified":"2026-02-26T10:20:49","modified_gmt":"2026-02-26T10:20:49","slug":"portfolio","status":"publish","type":"page","link":"https:\/\/ocarapau.com\/en\/portfolio\/","title":{"rendered":"Portfolio"},"content":{"rendered":"<div data-elementor-type=\"wp-page\" data-elementor-id=\"216\" class=\"elementor elementor-216\">\n\t\t\t\t\t\t<section class=\"elementor-section elementor-top-section elementor-element elementor-element-6f51340 elementor-section-full_width elementor-section-height-default elementor-section-height-default\" data-id=\"6f51340\" data-element_type=\"section\">\n\t\t\t\t\t\t<div class=\"elementor-container elementor-column-gap-no\">\n\t\t\t\t\t<div class=\"elementor-column elementor-col-100 elementor-top-column elementor-element elementor-element-2ee4c59\" data-id=\"2ee4c59\" data-element_type=\"column\">\n\t\t\t<div class=\"elementor-widget-wrap elementor-element-populated\">\n\t\t\t\t\t\t<div class=\"elementor-element elementor-element-841b50f elementor-widget elementor-widget-ashley-intro\" data-id=\"841b50f\" data-element_type=\"widget\" data-widget_type=\"ashley-intro.default\">\n\t\t\t\t<div class=\"elementor-widget-container\">\n\t\t\t\t\t\n\t\t<!-- banner -->\n\t\t\n\t\t<div class=\"mil-inner-banner\">\n\t\t\t\t\t\t<div class=\"mil-banner-content mil-up\">\n\t\t\t\t\t\t\t\t\n\t\t\t\t<div class=\"container\">\n\t\t\t\t\t<ul class=\"mil-breadcrumbs  mil-mb-60\"><li><a href=\"https:\/\/ocarapau.com\/en\/\" title=\"Carapau | Ag\u00eancia Criativa\">Home<\/a><\/li><li><a><\/a><\/li><\/ul>\t\t\t\t\t\t\t\t\t\t<h1 class=\"el-title mil-mb-60\">\n\t\t\t\t\t\t<span >\n\t\t\t\t\t\t\tProjects that tells <br><span style=\"color:#005cb9\">stories<\/span>\t\t\t\t\t\t<\/span>\n\t\t\t\t\t<\/h1>\n\t\t\t\t\t\t\t\t\t\t\t\t\t\t\t<a href=\"#portfolio\" class=\"mil-link mil-dark mil-arrow-place mil-down-arrow\">\n\t\t\t\t\t\t<span >\n\t\t\t\t\t\t\tA selection of our work:\t\t\t\t\t\t<\/span>\n\t\t\t\t\t<\/a>\n\t\t\t\t\t\t\t\t\t<\/div>\n\t\t\t<\/div>\n\t\t\t\t\t<\/div>\n\n\t\t\t\t<!-- banner end -->\n\n\t\t\t\t\t\t<\/div>\n\t\t\t\t<\/div>\n\t\t\t\t\t<\/div>\n\t\t<\/div>\n\t\t\t\t\t<\/div>\n\t\t<\/section>\n\t\t\t\t<section class=\"elementor-section elementor-top-section elementor-element elementor-element-cf48863 elementor-section-full_width elementor-section-height-default elementor-section-height-default\" data-id=\"cf48863\" data-element_type=\"section\">\n\t\t\t\t\t\t<div class=\"elementor-container elementor-column-gap-no\">\n\t\t\t\t\t<div class=\"elementor-column elementor-col-100 elementor-top-column elementor-element elementor-element-4b6e397\" data-id=\"4b6e397\" data-element_type=\"column\">\n\t\t\t<div class=\"elementor-widget-wrap elementor-element-populated\">\n\t\t\t\t\t\t<div class=\"elementor-element elementor-element-19c642c elementor-widget elementor-widget-ashley-portfolio-grid\" data-id=\"19c642c\" data-element_type=\"widget\" data-widget_type=\"ashley-portfolio-grid.default\">\n\t\t\t\t<div class=\"elementor-widget-container\">\n\t\t\t\t\t\n\t\t<!-- portfolio -->\n\t\t<section id=\"portfolio\">\n\t\t\t<div class=\"container mil-portfolio mil-p-120-60\">\n\n\t\t\t\t<div class=\"mil-lines-place\"><\/div>\n\t\t\t\t<div class=\"mil-lines-place mil-lines-long\"><\/div>\n\n\t\t\t\t\t\t\t\t<div class=\"row justify-content-between align-items-center  attr-date-false\">\n\t\t\t\t\t\t\t\t\t\t\n\t\t\t\t\t\t\r\n\r\n\r\n    \r\n    <div class=\"col-lg-5\">\r\n\r\n        <a href=\"https:\/\/ocarapau.com\/en\/portfolio\/item\/universidade-de-aveiro-x-bh-fitness\/\" class=\"mil-portfolio-item mil-more mil-mb-60\">\r\n\r\n            <div class=\"mil-cover-frame mil-vert mil-up\">\r\n                <div class=\"mil-cover\">\r\n                                            <img decoding=\"async\" src=\"https:\/\/ocarapau.com\/wp-content\/uploads\/2026\/05\/Banner_Site_Projetos-9-1920x1280.png\" alt=\"Universidade de Aveiro x BH Fitness\" \/>\r\n                                    <\/div>\r\n            <\/div>\r\n\r\n            <div class=\"mil-descr\">\r\n                <div class=\"mil-labels mil-mb-15 mil-up\">\r\n                    <div class=\"mil-label mil-upper mil-accent\">Fotografia &amp; V\u00eddeo<\/div>\r\n                    <div class=\"mil-label mil-upper\">May 12, 2026<\/div>\r\n                <\/div>\r\n                <h4 class=\"mil-up\">Universidade de Aveiro x BH Fitness<\/h4>\r\n            <\/div>\r\n        <\/a>\r\n\r\n    <\/div>\r\n\r\n\n\t\t\t\t\t\t\t\t\t\t\n\t\t\t\t\t\t\r\n\r\n\r\n    \r\n    <div class=\"col-lg-6\">\r\n\r\n        <a href=\"https:\/\/ocarapau.com\/en\/portfolio\/item\/zone-fitness\/\" class=\"mil-portfolio-item mil-more mil-mb-60\">\r\n\r\n            <div class=\"mil-cover-frame mil-hori mil-up\">\r\n                <div class=\"mil-cover\">\r\n                                            <img decoding=\"async\" src=\"https:\/\/ocarapau.com\/wp-content\/uploads\/2026\/03\/1920x1280px-_capa.png\" alt=\"Zone Fitness\" \/>\r\n                                    <\/div>\r\n            <\/div>\r\n\r\n            <div class=\"mil-descr\">\r\n                <div class=\"mil-labels mil-mb-15 mil-up\">\r\n                    <div class=\"mil-label mil-upper mil-accent\">Graphic and Editorial Design, Photography &amp; Video, Digital Marketing<\/div>\r\n                    <div class=\"mil-label mil-upper\">March 4, 2026<\/div>\r\n                <\/div>\r\n                <h4 class=\"mil-up\">Zone Fitness<\/h4>\r\n            <\/div>\r\n        <\/a>\r\n\r\n    <\/div>\r\n\r\n\n\t\t\t\t\t\t\t\t\t\t\n\t\t\t\t\t\t\r\n\r\n\r\n    \r\n    <div class=\"col-lg-6\">\r\n\r\n        <a href=\"https:\/\/ocarapau.com\/en\/portfolio\/item\/bh-fitness\/\" class=\"mil-portfolio-item mil-more mil-mb-60\">\r\n\r\n            <div class=\"mil-cover-frame mil-hori mil-up\">\r\n                <div class=\"mil-cover\">\r\n                                            <img decoding=\"async\" src=\"https:\/\/ocarapau.com\/wp-content\/uploads\/2026\/02\/1920x1280px-_capa.png\" alt=\"BH Fitness\" \/>\r\n                                    <\/div>\r\n            <\/div>\r\n\r\n            <div class=\"mil-descr\">\r\n                <div class=\"mil-labels mil-mb-15 mil-up\">\r\n                    <div class=\"mil-label mil-upper mil-accent\">Graphic and Editorial Design, Photography &amp; Video, Digital Marketing<\/div>\r\n                    <div class=\"mil-label mil-upper\">February 18, 2026<\/div>\r\n                <\/div>\r\n                <h4 class=\"mil-up\">BH Fitness<\/h4>\r\n            <\/div>\r\n        <\/a>\r\n\r\n    <\/div>\r\n\r\n\n\t\t\t\t\t\t\t\t\t\t\n\t\t\t\t\t\t\r\n\r\n\r\n    \r\n    <div class=\"col-lg-5\">\r\n\r\n        <a href=\"https:\/\/ocarapau.com\/en\/portfolio\/item\/vida-ovar\/\" class=\"mil-portfolio-item mil-more mil-mb-60\">\r\n\r\n            <div class=\"mil-cover-frame mil-vert mil-up\">\r\n                <div class=\"mil-cover\">\r\n                                            <img decoding=\"async\" src=\"https:\/\/ocarapau.com\/wp-content\/uploads\/2026\/02\/Projetos_Campera.png\" alt=\"Vida Ovar\" \/>\r\n                                    <\/div>\r\n            <\/div>\r\n\r\n            <div class=\"mil-descr\">\r\n                <div class=\"mil-labels mil-mb-15 mil-up\">\r\n                    <div class=\"mil-label mil-upper mil-accent\">Graphic and Editorial Design, Photography &amp; Video, Digital Marketing<\/div>\r\n                    <div class=\"mil-label mil-upper\">February 11, 2026<\/div>\r\n                <\/div>\r\n                <h4 class=\"mil-up\">Vida Ovar<\/h4>\r\n            <\/div>\r\n        <\/a>\r\n\r\n    <\/div>\r\n\r\n\n\t\t\t\t\t\t\t\t\t\t\n\t\t\t\t\t\t\r\n\r\n\r\n    \r\n    <div class=\"col-lg-5\">\r\n\r\n        <a href=\"https:\/\/ocarapau.com\/en\/portfolio\/item\/gestlifes\/\" class=\"mil-portfolio-item mil-more mil-mb-60\">\r\n\r\n            <div class=\"mil-cover-frame mil-vert mil-up\">\r\n                <div class=\"mil-cover\">\r\n                                            <img decoding=\"async\" src=\"https:\/\/ocarapau.com\/wp-content\/uploads\/2026\/02\/max_logogest@4x-8-1-1920x3413.png\" alt=\"Gestlifes\" \/>\r\n                                    <\/div>\r\n            <\/div>\r\n\r\n            <div class=\"mil-descr\">\r\n                <div class=\"mil-labels mil-mb-15 mil-up\">\r\n                    <div class=\"mil-label mil-upper mil-accent\">Graphic and Editorial Design, Photography &amp; Video, Digital Marketing<\/div>\r\n                    <div class=\"mil-label mil-upper\">February 6, 2026<\/div>\r\n                <\/div>\r\n                <h4 class=\"mil-up\">Gestlifes<\/h4>\r\n            <\/div>\r\n        <\/a>\r\n\r\n    <\/div>\r\n\r\n\n\t\t\t\t\t\t\t\t\t\t\n\t\t\t\t\t\t\r\n\r\n\r\n    \r\n    <div class=\"col-lg-6\">\r\n\r\n        <a href=\"https:\/\/ocarapau.com\/en\/portfolio\/item\/marques-dental-clinic\/\" class=\"mil-portfolio-item mil-more mil-mb-60\">\r\n\r\n            <div class=\"mil-cover-frame mil-hori mil-up\">\r\n                <div class=\"mil-cover\">\r\n                                            <img decoding=\"async\" src=\"https:\/\/ocarapau.com\/wp-content\/uploads\/2023\/11\/Carapau-Website-Capa-Projetos-3x2-RuiMarques_2.jpg\" alt=\"Marques Dental Clinic\" \/>\r\n                                    <\/div>\r\n            <\/div>\r\n\r\n            <div class=\"mil-descr\">\r\n                <div class=\"mil-labels mil-mb-15 mil-up\">\r\n                    <div class=\"mil-label mil-upper mil-accent\">Branding,Fotografia &amp; V\u00eddeo<\/div>\r\n                    <div class=\"mil-label mil-upper\">July 1, 2025<\/div>\r\n                <\/div>\r\n                <h4 class=\"mil-up\">Marques Dental Clinic<\/h4>\r\n            <\/div>\r\n        <\/a>\r\n\r\n    <\/div>\r\n\r\n\n\t\t\t\t\t\t\t\t\t\t\n\t\t\t\t\t\t\r\n\r\n\r\n    \r\n    <div class=\"col-lg-6\">\r\n\r\n        <a href=\"https:\/\/ocarapau.com\/en\/portfolio\/item\/jacinto\/\" class=\"mil-portfolio-item mil-more mil-mb-60\">\r\n\r\n            <div class=\"mil-cover-frame mil-hori mil-up\">\r\n                <div class=\"mil-cover\">\r\n                                            <img decoding=\"async\" src=\"https:\/\/ocarapau.com\/wp-content\/uploads\/2023\/11\/Carapau-Website-Capa-Projetos-1920x1080-Jacinto.jpg\" alt=\"Jacinto\" \/>\r\n                                    <\/div>\r\n            <\/div>\r\n\r\n            <div class=\"mil-descr\">\r\n                <div class=\"mil-labels mil-mb-15 mil-up\">\r\n                    <div class=\"mil-label mil-upper mil-accent\">Graphic and Editorial Design, Photography &amp; Video<\/div>\r\n                    <div class=\"mil-label mil-upper\">May 30, 2025<\/div>\r\n                <\/div>\r\n                <h4 class=\"mil-up\">Jacinto<\/h4>\r\n            <\/div>\r\n        <\/a>\r\n\r\n    <\/div>\r\n\r\n\n\t\t\t\t\t\t\t\t\t\t\n\t\t\t\t\t\t\r\n\r\n\r\n    \r\n    <div class=\"col-lg-5\">\r\n\r\n        <a href=\"https:\/\/ocarapau.com\/en\/portfolio\/item\/porto-tradicao\/\" class=\"mil-portfolio-item mil-more mil-mb-60\">\r\n\r\n            <div class=\"mil-cover-frame mil-vert mil-up\">\r\n                <div class=\"mil-cover\">\r\n                                            <img decoding=\"async\" src=\"https:\/\/ocarapau.com\/wp-content\/uploads\/2023\/11\/Carapau-Website-Capa-Projetos-1920x1080-CMPorto.jpg\" alt=\"Porto Tradi\u00e7\u00e3o\" \/>\r\n                                    <\/div>\r\n            <\/div>\r\n\r\n            <div class=\"mil-descr\">\r\n                <div class=\"mil-labels mil-mb-15 mil-up\">\r\n                    <div class=\"mil-label mil-upper mil-accent\">Fotografia &amp; V\u00eddeo<\/div>\r\n                    <div class=\"mil-label mil-upper\">November 14, 2023<\/div>\r\n                <\/div>\r\n                <h4 class=\"mil-up\">Porto Tradi\u00e7\u00e3o<\/h4>\r\n            <\/div>\r\n        <\/a>\r\n\r\n    <\/div>\r\n\r\n\n\t\t\t\t\t\t\t\t\t\t\n\t\t\t\t\t\t\r\n\r\n\r\n    \r\n    <div class=\"col-lg-5\">\r\n\r\n        <a href=\"https:\/\/ocarapau.com\/en\/portfolio\/item\/atrevo\/\" class=\"mil-portfolio-item mil-more mil-mb-60\">\r\n\r\n            <div class=\"mil-cover-frame mil-vert mil-up\">\r\n                <div class=\"mil-cover\">\r\n                                            <img decoding=\"async\" src=\"https:\/\/ocarapau.com\/wp-content\/uploads\/2023\/11\/Carapau-Website-Capa-Projetos-1920x1080-Atrevo.jpg\" alt=\"Atrevo\" \/>\r\n                                    <\/div>\r\n            <\/div>\r\n\r\n            <div class=\"mil-descr\">\r\n                <div class=\"mil-labels mil-mb-15 mil-up\">\r\n                    <div class=\"mil-label mil-upper mil-accent\">Branding,Fotografia &amp; V\u00eddeo<\/div>\r\n                    <div class=\"mil-label mil-upper\">November 10, 2023<\/div>\r\n                <\/div>\r\n                <h4 class=\"mil-up\">Atrevo<\/h4>\r\n            <\/div>\r\n        <\/a>\r\n\r\n    <\/div>\r\n\r\n\n\t\t\t\t\t\t\t\t\t\t\n\t\t\t\t\t\t\r\n\r\n\r\n    \r\n    <div class=\"col-lg-6\">\r\n\r\n        <a href=\"https:\/\/ocarapau.com\/en\/portfolio\/item\/grupo-nevoa\/\" class=\"mil-portfolio-item mil-more mil-mb-60\">\r\n\r\n            <div class=\"mil-cover-frame mil-hori mil-up\">\r\n                <div class=\"mil-cover\">\r\n                                            <img decoding=\"async\" src=\"https:\/\/ocarapau.com\/wp-content\/uploads\/2023\/11\/Carapau-Website-Capa-Projetos-1080x1920-GrupoNevoa.jpg\" alt=\"Grupo N\u00e9voa\" \/>\r\n                                    <\/div>\r\n            <\/div>\r\n\r\n            <div class=\"mil-descr\">\r\n                <div class=\"mil-labels mil-mb-15 mil-up\">\r\n                    <div class=\"mil-label mil-upper mil-accent\">Graphic and Editorial Design, Photography &amp; Video, Digital Marketing<\/div>\r\n                    <div class=\"mil-label mil-upper\">November 10, 2023<\/div>\r\n                <\/div>\r\n                <h4 class=\"mil-up\">Grupo N\u00e9voa<\/h4>\r\n            <\/div>\r\n        <\/a>\r\n\r\n    <\/div>\r\n\r\n\n\t\t\t\t\t\t\t\t\t\t\n\t\t\t\t\t\t\r\n\r\n\r\n    \r\n    <div class=\"col-lg-6\">\r\n\r\n        <a href=\"https:\/\/ocarapau.com\/en\/portfolio\/item\/roady\/\" class=\"mil-portfolio-item mil-more mil-mb-60\">\r\n\r\n            <div class=\"mil-cover-frame mil-hori mil-up\">\r\n                <div class=\"mil-cover\">\r\n                                            <img decoding=\"async\" src=\"https:\/\/ocarapau.com\/wp-content\/uploads\/2023\/11\/Carapau-Website-Capa-Projetos-1920x1080-Roady.jpg\" alt=\"Roady\" \/>\r\n                                    <\/div>\r\n            <\/div>\r\n\r\n            <div class=\"mil-descr\">\r\n                <div class=\"mil-labels mil-mb-15 mil-up\">\r\n                    <div class=\"mil-label mil-upper mil-accent\">Graphic and Editorial Design, Photography &amp; Video, Digital Marketing<\/div>\r\n                    <div class=\"mil-label mil-upper\">November 10, 2023<\/div>\r\n                <\/div>\r\n                <h4 class=\"mil-up\">Roady<\/h4>\r\n            <\/div>\r\n        <\/a>\r\n\r\n    <\/div>\r\n\r\n\n\t\t\t\t\t\t\t\t\t<\/div>\n\n\t\t\t\t\n\t\t\t\t\n\t\t\t<\/div>\n\t\t<\/section>\n\t\t<!-- portfolio end -->\n\n\t\t\t\t\t\t<\/div>\n\t\t\t\t<\/div>\n\t\t\t\t\t<\/div>\n\t\t<\/div>\n\t\t\t\t\t<\/div>\n\t\t<\/section>\n\t\t<div class=\"elementor-element elementor-element-3e147c3 e-flex e-con-boxed e-con e-parent\" data-id=\"3e147c3\" data-element_type=\"container\" data-settings=\"{&quot;background_background&quot;:&quot;classic&quot;}\">\n\t\t\t\t\t<div class=\"e-con-inner\">\n\t\t<div class=\"elementor-element elementor-element-e7b318b e-con-full e-flex e-con e-child\" data-id=\"e7b318b\" data-element_type=\"container\" data-settings=\"{&quot;background_background&quot;:&quot;classic&quot;}\">\n\t\t<div class=\"elementor-element elementor-element-112cbce e-con-full e-flex e-con e-child\" data-id=\"112cbce\" data-element_type=\"container\" data-settings=\"{&quot;background_background&quot;:&quot;classic&quot;}\">\n\t\t<div class=\"elementor-element elementor-element-031d21e e-con-full e-flex e-con e-child\" data-id=\"031d21e\" data-element_type=\"container\">\n\t\t\t\t<div class=\"elementor-element elementor-element-3abf785 elementor-widget elementor-widget-ashley-about-us\" data-id=\"3abf785\" data-element_type=\"widget\" data-widget_type=\"ashley-about-us.default\">\n\t\t\t\t<div class=\"elementor-widget-container\">\n\t\t\t\t\t\n\t\t\n\t\t\t\t<h2 class=\"mil-h3 mil-title-el mil-up mil-mb-30\">\n\t\t\t<span >\n\t\t\t\t<span class=\"mil-thin\">More than ideas,<\/span> we build relationships. <br><span class=\"mil-thin\">Ready to elevate your brand?<\/span>\t\t\t<\/span>\n\t\t<\/h2>\n\t\t\n\t\t\t\t\t\t<\/div>\n\t\t\t\t<\/div>\n\t\t\t\t<\/div>\n\t\t<div class=\"elementor-element elementor-element-e15161b e-con-full e-flex e-con e-child\" data-id=\"e15161b\" data-element_type=\"container\">\n\t\t\t\t<div class=\"elementor-element elementor-element-6d51db6 elementor-widget elementor-widget-ashley-buttons\" data-id=\"6d51db6\" data-element_type=\"widget\" data-widget_type=\"ashley-buttons.default\">\n\t\t\t\t<div class=\"elementor-widget-container\">\n\t\t\t\t\t\t\t\n\t\t\t\t<!-- buttons -->\n\t\t<div class=\"mil-up\">\n\t\t\t\t\t\t\t\t\t<a href=\"\/en\/contactos\/\" class=\"mil-button mil-arrow-place\">\n\t\t\t\t<span >\n\t\t\t\t\tGet in touch\t\t\t\t<\/span>\n\t\t\t<\/a>\n\t\t\t\t\t\t\t\t<\/div>\n\t\t<!-- buttons end -->\n\t\t\n\t\t\t\t\t\t<\/div>\n\t\t\t\t<\/div>\n\t\t\t\t<\/div>\n\t\t\t\t<\/div>\n\t\t\t\t<\/div>\n\t\t\t\t\t<\/div>\n\t\t\t\t<\/div>\n\t\t\t\t<\/div>","protected":false},"excerpt":{"rendered":"<p>Home Trabalhos que contam hist\u00f3rias Alguns trabalhos Design Gr\u00e1fico e Editorial,Fotografia &amp; V\u00eddeo May 30, 2025 Jacinto &nbsp; Fotografia &amp;.. <span class=\"mil-el-more\"><span class=\"mil-link mil-dark mil-arrow-place mil-up\"><span>Read more<\/span><\/span><\/span><\/p>","protected":false},"author":1,"featured_media":3347,"parent":0,"menu_order":0,"comment_status":"closed","ping_status":"closed","template":"template-layout-builder.php","meta":{"_monsterinsights_skip_tracking":false,"_monsterinsights_sitenote_active":false,"_monsterinsights_sitenote_note":"","_monsterinsights_sitenote_category":0,"footnotes":""},"class_list":["post-216","page","type-page","status-publish","has-post-thumbnail","hentry"],"acf":[],"aioseo_notices":[],"_links":{"self":[{"href":"https:\/\/ocarapau.com\/en\/wp-json\/wp\/v2\/pages\/216","targetHints":{"allow":["GET"]}}],"collection":[{"href":"https:\/\/ocarapau.com\/en\/wp-json\/wp\/v2\/pages"}],"about":[{"href":"https:\/\/ocarapau.com\/en\/wp-json\/wp\/v2\/types\/page"}],"author":[{"embeddable":true,"href":"https:\/\/ocarapau.com\/en\/wp-json\/wp\/v2\/users\/1"}],"replies":[{"embeddable":true,"href":"https:\/\/ocarapau.com\/en\/wp-json\/wp\/v2\/comments?post=216"}],"version-history":[{"count":47,"href":"https:\/\/ocarapau.com\/en\/wp-json\/wp\/v2\/pages\/216\/revisions"}],"predecessor-version":[{"id":3052,"href":"https:\/\/ocarapau.com\/en\/wp-json\/wp\/v2\/pages\/216\/revisions\/3052"}],"wp:featuredmedia":[{"embeddable":true,"href":"https:\/\/ocarapau.com\/en\/wp-json\/wp\/v2\/media\/3347"}],"wp:attachment":[{"href":"https:\/\/ocarapau.com\/en\/wp-json\/wp\/v2\/media?parent=216"}],"curies":[{"name":"wp","href":"https:\/\/api.w.org\/{rel}","templated":true}]}}