{"id":220,"date":"2023-11-06T13:51:48","date_gmt":"2023-11-06T13:51:48","guid":{"rendered":"https:\/\/ashley-demo.bslthemes.com\/?page_id=220"},"modified":"2026-02-26T10:14:20","modified_gmt":"2026-02-26T10:14:20","slug":"servicos","status":"publish","type":"page","link":"https:\/\/ocarapau.com\/en\/servicos\/","title":{"rendered":"Services"},"content":{"rendered":"<div data-elementor-type=\"wp-page\" data-elementor-id=\"220\" class=\"elementor elementor-220\">\n\t\t\t\t\t\t<section class=\"elementor-section elementor-top-section elementor-element elementor-element-fcca224 elementor-section-full_width elementor-section-height-default elementor-section-height-default\" data-id=\"fcca224\" data-element_type=\"section\">\n\t\t\t\t\t\t<div class=\"elementor-container elementor-column-gap-no\">\n\t\t\t\t\t<div class=\"elementor-column elementor-col-100 elementor-top-column elementor-element elementor-element-0d3678a\" data-id=\"0d3678a\" data-element_type=\"column\">\n\t\t\t<div class=\"elementor-widget-wrap elementor-element-populated\">\n\t\t\t\t\t\t<div class=\"elementor-element elementor-element-ca1de3c elementor-widget elementor-widget-ashley-intro\" data-id=\"ca1de3c\" data-element_type=\"widget\" data-widget_type=\"ashley-intro.default\">\n\t\t\t\t<div class=\"elementor-widget-container\">\n\t\t\t\t\t\n\t\t<!-- banner -->\n\t\t\n\t\t<div class=\"mil-inner-banner\">\n\t\t\t\t\t\t<div class=\"mil-banner-content mil-up\">\n\t\t\t\t\t\t\t\t\n\t\t\t\t<div class=\"container\">\n\t\t\t\t\t<ul class=\"mil-breadcrumbs  mil-mb-60\"><li><a href=\"https:\/\/ocarapau.com\/en\/\" title=\"Carapau | Ag\u00eancia Criativa\">Home<\/a><\/li><li><a><\/a><\/li><\/ul>\t\t\t\t\t\t\t\t\t\t<h1 class=\"el-title mil-mb-60\">\n\t\t\t\t\t\t<span >\n\t\t\t\t\t\t\tMore than services.<br> Creative <span style=\"color: #005CB9\">solutions.<\/span>\t\t\t\t\t\t<\/span>\n\t\t\t\t\t<\/h1>\n\t\t\t\t\t\t\t\t\t\t\t\t\t\t\t<a href=\"#services\" class=\"mil-link mil-dark mil-arrow-place mil-down-arrow\">\n\t\t\t\t\t\t<span >\n\t\t\t\t\t\t\tDiscover more\t\t\t\t\t\t<\/span>\n\t\t\t\t\t<\/a>\n\t\t\t\t\t\t\t\t\t<\/div>\n\t\t\t<\/div>\n\t\t\t\t\t<\/div>\n\n\t\t\t\t<!-- banner end -->\n\n\t\t\t\t\t\t<\/div>\n\t\t\t\t<\/div>\n\t\t\t\t\t<\/div>\n\t\t<\/div>\n\t\t\t\t\t<\/div>\n\t\t<\/section>\n\t\t\t\t<section class=\"elementor-section elementor-top-section elementor-element elementor-element-3f93fb0 elementor-section-full_width elementor-section-height-default elementor-section-height-default\" data-id=\"3f93fb0\" data-element_type=\"section\" data-settings=\"{&quot;background_background&quot;:&quot;classic&quot;}\">\n\t\t\t\t\t\t<div class=\"elementor-container elementor-column-gap-no\">\n\t\t\t\t\t<div class=\"elementor-column elementor-col-100 elementor-top-column elementor-element elementor-element-cbf3db8\" data-id=\"cbf3db8\" data-element_type=\"column\">\n\t\t\t<div class=\"elementor-widget-wrap elementor-element-populated\">\n\t\t\t\t\t\t<div class=\"elementor-element elementor-element-18ab113 elementor-widget elementor-widget-spacer\" data-id=\"18ab113\" data-element_type=\"widget\" data-widget_type=\"spacer.default\">\n\t\t\t\t<div class=\"elementor-widget-container\">\n\t\t\t\t\t\t\t<div class=\"elementor-spacer\">\n\t\t\t<div class=\"elementor-spacer-inner\"><\/div>\n\t\t<\/div>\n\t\t\t\t\t\t<\/div>\n\t\t\t\t<\/div>\n\t\t\t\t\t<\/div>\n\t\t<\/div>\n\t\t\t\t\t<\/div>\n\t\t<\/section>\n\t\t<div class=\"elementor-element elementor-element-e90839d e-grid e-con-boxed e-con e-parent\" data-id=\"e90839d\" data-element_type=\"container\" id=\"services\">\n\t\t\t\t\t<div class=\"e-con-inner\">\n\t\t\t\t<div class=\"elementor-element elementor-element-401b987 elementor-widget elementor-widget-ashley-services-grid\" data-id=\"401b987\" data-element_type=\"widget\" data-widget_type=\"ashley-services-grid.default\">\n\t\t\t\t<div class=\"elementor-widget-container\">\n\t\t\t\t\t\n\t\t\t\t<div class=\"mil-service-card-lg mil-other-card\">\n\t\t\n\t\t\t\t\t\t<h4 class=\"mil-up mil-mb-30\">\n\t\t\t\t<span >\n\t\t\t\t\tDigital<br>Marketing\t\t\t\t<\/span>\n\t\t\t<\/h4>\n\t\t\t\t\t\t\t\t\t<p class=\"mil-descr mil-up mil-mb-30\">\n\t\t\t\t<span >\n\t\t\t\t\tDigital strategy and campaigns to increase brand presence and results.\t\t\t\t<\/span>\n\t\t\t<\/p>\n\t\t\t\n\t\t\t\t\t\t<ul class=\"mil-service-list mil-mb-30 mil-dark\">\n\t\t\t\t\t\t\t\t<li class=\"mil-up\">\n\t\t\t\t\t<span >\n\t\t\t\t\t\tSocial media management\t\t\t\t\t<\/span>\n\t\t\t\t<\/li>\n\t\t\t\t\t\t\t\t<li class=\"mil-up\">\n\t\t\t\t\t<span >\n\t\t\t\t\t\tPaid media campaigns\t\t\t\t\t<\/span>\n\t\t\t\t<\/li>\n\t\t\t\t\t\t\t\t<li class=\"mil-up\">\n\t\t\t\t\t<span >\n\t\t\t\t\t\tE-mail marketing\t\t\t\t\t<\/span>\n\t\t\t\t<\/li>\n\t\t\t\t\t\t\t\t<li class=\"mil-up\">\n\t\t\t\t\t<span >\n\t\t\t\t\t\tSearch engine optimization (SEO)\t\t\t\t\t<\/span>\n\t\t\t\t<\/li>\n\t\t\t\t\t\t\t<\/ul>\n\t\t\t\t\t\t\n\t\t\t\n\t\t\t\t<\/div>\n\t\t\n\t\t\t\t\t\t<\/div>\n\t\t\t\t<\/div>\n\t\t\t\t<div class=\"elementor-element elementor-element-2dcd9e4 elementor-widget elementor-widget-ashley-services-grid\" data-id=\"2dcd9e4\" data-element_type=\"widget\" data-widget_type=\"ashley-services-grid.default\">\n\t\t\t\t<div class=\"elementor-widget-container\">\n\t\t\t\t\t\n\t\t\t\t<div class=\"mil-service-card-lg mil-other-card\">\n\t\t\n\t\t\t\t\t\t<h4 class=\"mil-up mil-mb-30\">\n\t\t\t\t<span >\n\t\t\t\t\tBranding\t\t\t\t<\/span>\n\t\t\t<\/h4>\n\t\t\t\t\t\t\t\t\t<p class=\"mil-descr mil-up mil-mb-30\">\n\t\t\t\t<span >\n\t\t\t\t\tDevelopment of visual identities and brand strategies that ensure consistency, recognition, and impact.\t\t\t\t<\/span>\n\t\t\t<\/p>\n\t\t\t\n\t\t\t\t\t\t<ul class=\"mil-service-list mil-mb-30 mil-dark\">\n\t\t\t\t\t\t\t\t<li class=\"mil-up\">\n\t\t\t\t\t<span >\n\t\t\t\t\t\tVisual identity creation\t\t\t\t\t<\/span>\n\t\t\t\t<\/li>\n\t\t\t\t\t\t\t\t<li class=\"mil-up\">\n\t\t\t\t\t<span >\n\t\t\t\t\t\tBrand strategy\t\t\t\t\t<\/span>\n\t\t\t\t<\/li>\n\t\t\t\t\t\t\t\t<li class=\"mil-up\">\n\t\t\t\t\t<span >\n\t\t\t\t\t\tBrand launch and activation plans\t\t\t\t\t<\/span>\n\t\t\t\t<\/li>\n\t\t\t\t\t\t\t<\/ul>\n\t\t\t\t\t\t\n\t\t\t\n\t\t\t\t<\/div>\n\t\t\n\t\t\t\t\t\t<\/div>\n\t\t\t\t<\/div>\n\t\t\t\t<div class=\"elementor-element elementor-element-70f0b39 elementor-widget elementor-widget-ashley-services-grid\" data-id=\"70f0b39\" data-element_type=\"widget\" data-widget_type=\"ashley-services-grid.default\">\n\t\t\t\t<div class=\"elementor-widget-container\">\n\t\t\t\t\t\n\t\t\t\t<div class=\"mil-service-card-lg mil-other-card\">\n\t\t\n\t\t\t\t\t\t<h4 class=\"mil-up mil-mb-30\">\n\t\t\t\t<span >\n\t\t\t\t\tDesign Gr\u00e1fico e <br>Editorial\t\t\t\t<\/span>\n\t\t\t<\/h4>\n\t\t\t\t\t\t\t\t\t<p class=\"mil-descr mil-up mil-mb-30\">\n\t\t\t\t<span >\n\t\t\t\t\tDesign and execution of graphic and editorial supports with attention to detail, purpose and visual consistency.\t\t\t\t<\/span>\n\t\t\t<\/p>\n\t\t\t\n\t\t\t\t\t\t<ul class=\"mil-service-list mil-mb-30 mil-dark\">\n\t\t\t\t\t\t\t\t<li class=\"mil-up\">\n\t\t\t\t\t<span >\n\t\t\t\t\t\tPromotional material design\t\t\t\t\t<\/span>\n\t\t\t\t<\/li>\n\t\t\t\t\t\t\t\t<li class=\"mil-up\">\n\t\t\t\t\t<span >\n\t\t\t\t\t\tEditorial design\t\t\t\t\t<\/span>\n\t\t\t\t<\/li>\n\t\t\t\t\t\t\t<\/ul>\n\t\t\t\t\t\t\n\t\t\t\n\t\t\t\t<\/div>\n\t\t\n\t\t\t\t\t\t<\/div>\n\t\t\t\t<\/div>\n\t\t\t\t\t<\/div>\n\t\t\t\t<\/div>\n\t\t<div class=\"elementor-element elementor-element-691f66b e-grid e-con-boxed e-con e-parent\" data-id=\"691f66b\" data-element_type=\"container\">\n\t\t\t\t\t<div class=\"e-con-inner\">\n\t\t\t\t<div class=\"elementor-element elementor-element-a28b61a elementor-widget elementor-widget-ashley-services-grid\" data-id=\"a28b61a\" data-element_type=\"widget\" id=\"webdesign\" data-widget_type=\"ashley-services-grid.default\">\n\t\t\t\t<div class=\"elementor-widget-container\">\n\t\t\t\t\t\n\t\t\t\t<div class=\"mil-service-card-lg mil-other-card\">\n\t\t\n\t\t\t\t\t\t<h4 class=\"mil-up mil-mb-30\">\n\t\t\t\t<span >\n\t\t\t\t\tWeb Design\t\t\t\t<\/span>\n\t\t\t<\/h4>\n\t\t\t\t\t\t\t\t\t<p class=\"mil-descr mil-up mil-mb-30\">\n\t\t\t\t<span >\n\t\t\t\t\tCreation of intuitive, responsive and performance-oriented websites and user experience. \t\t\t\t<\/span>\n\t\t\t<\/p>\n\t\t\t\n\t\t\t\t\t\t<ul class=\"mil-service-list mil-mb-30 mil-dark\">\n\t\t\t\t\t\t\t\t<li class=\"mil-up\">\n\t\t\t\t\t<span >\n\t\t\t\t\t\tUser interface (UI) design\t\t\t\t\t<\/span>\n\t\t\t\t<\/li>\n\t\t\t\t\t\t\t\t<li class=\"mil-up\">\n\t\t\t\t\t<span >\n\t\t\t\t\t\tResponsive website development\t\t\t\t\t<\/span>\n\t\t\t\t<\/li>\n\t\t\t\t\t\t\t\t<li class=\"mil-up\">\n\t\t\t\t\t<span >\n\t\t\t\t\t\tIntegration of digital tools\t\t\t\t\t<\/span>\n\t\t\t\t<\/li>\n\t\t\t\t\t\t\t<\/ul>\n\t\t\t\t\t\t\n\t\t\t\n\t\t\t\t<\/div>\n\t\t\n\t\t\t\t\t\t<\/div>\n\t\t\t\t<\/div>\n\t\t\t\t<div class=\"elementor-element elementor-element-397d521 elementor-widget elementor-widget-ashley-services-grid\" data-id=\"397d521\" data-element_type=\"widget\" id=\"fotografia\" data-widget_type=\"ashley-services-grid.default\">\n\t\t\t\t<div class=\"elementor-widget-container\">\n\t\t\t\t\t\n\t\t\t\t<div class=\"mil-service-card-lg mil-other-card\">\n\t\t\n\t\t\t\t\t\t<h4 class=\"mil-up mil-mb-30\">\n\t\t\t\t<span >\n\t\t\t\t\tPhotography &amp;<br>V\u00eddeo\t\t\t\t<\/span>\n\t\t\t<\/h4>\n\t\t\t\t\t\t\t\t\t<p class=\"mil-descr mil-up mil-mb-30\">\n\t\t\t\t<span >\n\t\t\t\t\tPhoto and video production to bring brands to life and tell impactful stories.\t\t\t\t<\/span>\n\t\t\t<\/p>\n\t\t\t\n\t\t\t\t\t\t<ul class=\"mil-service-list mil-mb-30 mil-dark\">\n\t\t\t\t\t\t\t\t<li class=\"mil-up\">\n\t\t\t\t\t<span >\n\t\t\t\t\t\tCorporate photography\t\t\t\t\t<\/span>\n\t\t\t\t<\/li>\n\t\t\t\t\t\t\t\t<li class=\"mil-up\">\n\t\t\t\t\t<span >\n\t\t\t\t\t\tProduct photography\t\t\t\t\t<\/span>\n\t\t\t\t<\/li>\n\t\t\t\t\t\t\t\t<li class=\"mil-up\">\n\t\t\t\t\t<span >\n\t\t\t\t\t\tVideo production and editing\t\t\t\t\t<\/span>\n\t\t\t\t<\/li>\n\t\t\t\t\t\t\t<\/ul>\n\t\t\t\t\t\t\n\t\t\t\n\t\t\t\t<\/div>\n\t\t\n\t\t\t\t\t\t<\/div>\n\t\t\t\t<\/div>\n\t\t\t\t\t<\/div>\n\t\t\t\t<\/div>\n\t\t<div class=\"elementor-element elementor-element-d91c98d e-flex e-con-boxed e-con e-parent\" data-id=\"d91c98d\" data-element_type=\"container\">\n\t\t\t\t\t<div class=\"e-con-inner\">\n\t\t\t\t<div class=\"elementor-element elementor-element-920f56b elementor-widget elementor-widget-spacer\" data-id=\"920f56b\" data-element_type=\"widget\" data-widget_type=\"spacer.default\">\n\t\t\t\t<div class=\"elementor-widget-container\">\n\t\t\t\t\t\t\t<div class=\"elementor-spacer\">\n\t\t\t<div class=\"elementor-spacer-inner\"><\/div>\n\t\t<\/div>\n\t\t\t\t\t\t<\/div>\n\t\t\t\t<\/div>\n\t\t\t\t\t<\/div>\n\t\t\t\t<\/div>\n\t\t<div class=\"elementor-element elementor-element-7beb621 e-flex e-con-boxed e-con e-parent\" data-id=\"7beb621\" data-element_type=\"container\" data-settings=\"{&quot;background_background&quot;:&quot;classic&quot;}\">\n\t\t\t\t\t<div class=\"e-con-inner\">\n\t\t<div class=\"elementor-element elementor-element-c432c57 e-con-full e-flex e-con e-child\" data-id=\"c432c57\" data-element_type=\"container\">\n\t\t\t\t<div class=\"elementor-element elementor-element-c2a4b6d elementor-widget elementor-widget-ashley-about-us\" data-id=\"c2a4b6d\" data-element_type=\"widget\" data-widget_type=\"ashley-about-us.default\">\n\t\t\t\t<div class=\"elementor-widget-container\">\n\t\t\t\t\t\n\t\t\n\t\t\t\t<h3 class=\"mil-h3 mil-title-el mil-up mil-mb-30\">\n\t\t\t<span >\n\t\t\t\t<span class=\"mil-thin\">More than ideas,<\/span> we build relationships.<br><span class=\"mil-thin\">Ready to elevate your brand?<\/span>\t\t\t<\/span>\n\t\t<\/h3>\n\t\t\n\t\t\t\t\t\t<\/div>\n\t\t\t\t<\/div>\n\t\t\t\t<\/div>\n\t\t<div class=\"elementor-element elementor-element-07382cd e-con-full e-flex e-con e-child\" data-id=\"07382cd\" data-element_type=\"container\">\n\t\t\t\t<div class=\"elementor-element elementor-element-1c48e98 elementor-widget elementor-widget-ashley-buttons\" data-id=\"1c48e98\" data-element_type=\"widget\" data-widget_type=\"ashley-buttons.default\">\n\t\t\t\t<div class=\"elementor-widget-container\">\n\t\t\t\t\t\t\t\n\t\t\t\t<!-- buttons -->\n\t\t<div class=\"mil-up\">\n\t\t\t\t\t\t\t\t\t<a href=\"\/en\/contactos\/\" class=\"mil-button mil-arrow-place\">\n\t\t\t\t<span >\n\t\t\t\t\tGet in touch\t\t\t\t<\/span>\n\t\t\t<\/a>\n\t\t\t\t\t\t\t\t<\/div>\n\t\t<!-- buttons end -->\n\t\t\n\t\t\t\t\t\t<\/div>\n\t\t\t\t<\/div>\n\t\t\t\t<\/div>\n\t\t\t\t\t<\/div>\n\t\t\t\t<\/div>\n\t\t\t\t<\/div>","protected":false},"excerpt":{"rendered":"<p>Home Mais do que servi\u00e7os. Solu\u00e7\u00f5es criativas. Descobre mais Marketing Digital Estrat\u00e9gia e campanhas digitais para aumentar a presen\u00e7a e.. <span class=\"mil-el-more\"><span class=\"mil-link mil-dark mil-arrow-place mil-up\"><span>Read more<\/span><\/span><\/span><\/p>","protected":false},"author":1,"featured_media":3347,"parent":0,"menu_order":0,"comment_status":"closed","ping_status":"closed","template":"template-layout-builder.php","meta":{"_monsterinsights_skip_tracking":false,"_monsterinsights_sitenote_active":false,"_monsterinsights_sitenote_note":"","_monsterinsights_sitenote_category":0,"footnotes":""},"class_list":["post-220","page","type-page","status-publish","has-post-thumbnail","hentry"],"acf":[],"aioseo_notices":[],"_links":{"self":[{"href":"https:\/\/ocarapau.com\/en\/wp-json\/wp\/v2\/pages\/220","targetHints":{"allow":["GET"]}}],"collection":[{"href":"https:\/\/ocarapau.com\/en\/wp-json\/wp\/v2\/pages"}],"about":[{"href":"https:\/\/ocarapau.com\/en\/wp-json\/wp\/v2\/types\/page"}],"author":[{"embeddable":true,"href":"https:\/\/ocarapau.com\/en\/wp-json\/wp\/v2\/users\/1"}],"replies":[{"embeddable":true,"href":"https:\/\/ocarapau.com\/en\/wp-json\/wp\/v2\/comments?post=220"}],"version-history":[{"count":167,"href":"https:\/\/ocarapau.com\/en\/wp-json\/wp\/v2\/pages\/220\/revisions"}],"predecessor-version":[{"id":3302,"href":"https:\/\/ocarapau.com\/en\/wp-json\/wp\/v2\/pages\/220\/revisions\/3302"}],"wp:featuredmedia":[{"embeddable":true,"href":"https:\/\/ocarapau.com\/en\/wp-json\/wp\/v2\/media\/3347"}],"wp:attachment":[{"href":"https:\/\/ocarapau.com\/en\/wp-json\/wp\/v2\/media?parent=220"}],"curies":[{"name":"wp","href":"https:\/\/api.w.org\/{rel}","templated":true}]}}