{"id":2544,"date":"2025-05-23T19:03:09","date_gmt":"2025-05-23T19:03:09","guid":{"rendered":"https:\/\/ocarapau.com\/?page_id=2544"},"modified":"2025-07-01T15:50:00","modified_gmt":"2025-07-01T15:50:00","slug":"politica-de-cookies","status":"publish","type":"page","link":"https:\/\/ocarapau.com\/en\/politica-de-cookies\/","title":{"rendered":"Cookies Policy"},"content":{"rendered":"<div data-elementor-type=\"wp-page\" data-elementor-id=\"2544\" class=\"elementor elementor-2544\">\n\t\t\t\t<div class=\"elementor-element elementor-element-490c292a e-flex e-con-boxed e-con e-parent\" data-id=\"490c292a\" data-element_type=\"container\">\n\t\t\t\t\t<div class=\"e-con-inner\">\n\t\t\t\t<div class=\"elementor-element elementor-element-4a26fbb2 elementor-widget elementor-widget-text-editor\" data-id=\"4a26fbb2\" data-element_type=\"widget\" data-widget_type=\"text-editor.default\">\n\t\t\t\t<div class=\"elementor-widget-container\">\n\t\t\t\t\t\t\t\t\t\n<p data-start=\"412\" data-end=\"596\"><strong data-start=\"412\" data-end=\"436\">1. O que s\u00e3o cookies<\/strong><br data-start=\"436\" data-end=\"439\" \/>Cookies s\u00e3o pequenos ficheiros de texto colocados no teu dispositivo pelo site <a class=\"\" href=\"https:\/\/ocarapau.com\/en\/\" target=\"_new\" rel=\"noopener\" data-start=\"518\" data-end=\"534\">www.ocarapau.com<\/a>, que guardam informa\u00e7\u00e3o sobre a tua navega\u00e7\u00e3o e prefer\u00eancias.<\/p>\n<p data-start=\"598\" data-end=\"630\"><strong data-start=\"598\" data-end=\"628\">2. Para que usamos cookies<\/strong><\/p>\n<ul data-start=\"631\" data-end=\"975\">\n<li data-start=\"631\" data-end=\"709\">\n<p data-start=\"633\" data-end=\"709\"><strong data-start=\"633\" data-end=\"659\">T\u00e9cnicos e essenciais:<\/strong> garantem o funcionamento e a seguran\u00e7a do site.<\/p>\n<\/li>\n<li data-start=\"710\" data-end=\"805\">\n<p data-start=\"712\" data-end=\"805\"><strong data-start=\"712\" data-end=\"729\">Statistical:<\/strong> recolhem dados an\u00f3nimos sobre visitas e comportamento (Google Analytics).<\/p>\n<\/li>\n<li data-start=\"806\" data-end=\"920\">\n<p data-start=\"808\" data-end=\"920\"><strong data-start=\"808\" data-end=\"834\">Marketing\/Remarketing:<\/strong> permitem exibir an\u00fancios relevantes e medir campanhas (Google Ads, Facebook Pixel).<\/p>\n<\/li>\n<li data-start=\"921\" data-end=\"975\">\n<p data-start=\"923\" data-end=\"975\"><strong data-start=\"923\" data-end=\"938\">Functional:<\/strong> guardam prefer\u00eancias (idioma, tema).<\/p>\n<\/li>\n<\/ul>\n<p data-start=\"977\" data-end=\"1018\"><strong data-start=\"977\" data-end=\"1016\">3. Categorias de cookies utilizadas<\/strong><\/p>\n<div class=\"_tableContainer_16hzy_1\">\n<div class=\"_tableWrapper_16hzy_14 group flex w-fit flex-col-reverse\" tabindex=\"-1\">\n<table>\n<thead>\n<tr>\n<th>Categoria<\/th>\n<th>Finalidade<\/th>\n<\/tr>\n<\/thead>\n<tbody>\n<tr>\n<td>Estritamente essenciais<\/td>\n<td>Fun\u00e7\u00f5es b\u00e1sicas do site (sess\u00e3o, seguran\u00e7a)<\/td>\n<\/tr>\n<tr>\n<td>Estat\u00edsticos<\/td>\n<td>An\u00e1lise de tr\u00e1fego e performance<\/td>\n<\/tr>\n<tr>\n<td>Funcionais<\/td>\n<td>Personaliza\u00e7\u00e3o de prefer\u00eancias<\/td>\n<\/tr>\n<tr>\n<td>Marketing\/Remarketing<\/td>\n<td>Publicidade direcionada e otimiza\u00e7\u00e3o de campanhas<\/td>\n<\/tr>\n<\/tbody>\n<\/table>\n<\/div>\n<p data-start=\"1519\" data-end=\"1627\"><strong data-start=\"1519\" data-end=\"1556\">4. Como gerir o teu consentimento<\/strong><br data-start=\"1556\" data-end=\"1559\" \/>Para dar ou retirar consentimento a cookies n\u00e3o essenciais, podes:<\/p>\n<ul data-start=\"1628\" data-end=\"1772\">\n<li data-start=\"1628\" data-end=\"1695\">\n<p data-start=\"1630\" data-end=\"1695\">Utilizar o banner de cookies apresentado \u00e0 tua chegada ao site;<\/p>\n<\/li>\n<li data-start=\"1696\" data-end=\"1772\">\n<p data-start=\"1698\" data-end=\"1772\">Configurar o teu navegador (ver sec\u00e7\u00e3o \u201cComo desativar cookies\u201d a seguir).<\/p>\n<\/li>\n<\/ul>\n<p data-start=\"1774\" data-end=\"1875\"><strong data-start=\"1774\" data-end=\"1802\">5. Servi\u00e7os de terceiros<\/strong><br data-start=\"1802\" data-end=\"1805\" \/>Podem ser definidos cookies no teu dispositivo quando interages com:<\/p>\n<ul data-start=\"1876\" data-end=\"2004\">\n<li data-start=\"1876\" data-end=\"1925\">\n<p data-start=\"1878\" data-end=\"1925\"><strong data-start=\"1878\" data-end=\"1898\">Google Analytics<\/strong> (estat\u00edsticas an\u00f3nimas);<\/p>\n<\/li>\n<li data-start=\"1926\" data-end=\"1959\">\n<p data-start=\"1928\" data-end=\"1959\"><strong data-start=\"1928\" data-end=\"1942\">Google Ads<\/strong> (remarketing);<\/p>\n<\/li>\n<li data-start=\"1960\" data-end=\"2004\">\n<p data-start=\"1962\" data-end=\"2004\"><strong data-start=\"1962\" data-end=\"1980\">Facebook Pixel<\/strong> (eventos e convers\u00f5es).<\/p>\n<\/li>\n<\/ul>\n<p data-start=\"2006\" data-end=\"2050\"><strong data-start=\"2006\" data-end=\"2048\">6. Como desativar cookies no navegador<\/strong><\/p>\n<ul data-start=\"2051\" data-end=\"2296\">\n<li data-start=\"2051\" data-end=\"2105\">\n<p data-start=\"2053\" data-end=\"2105\"><strong data-start=\"2053\" data-end=\"2064\">Chrome:<\/strong> support.google.com\/chrome\/answer\/95647<\/p>\n<\/li>\n<li data-start=\"2106\" data-end=\"2172\">\n<p data-start=\"2108\" data-end=\"2172\"><strong data-start=\"2108\" data-end=\"2120\">Firefox:<\/strong> support.mozilla.org\/kb\/ativar-e-desativar-cookies<\/p>\n<\/li>\n<li data-start=\"2173\" data-end=\"2221\">\n<p data-start=\"2175\" data-end=\"2221\"><strong data-start=\"2175\" data-end=\"2184\">Edge:<\/strong> support.microsoft.com\/help\/4468242<\/p>\n<\/li>\n<li data-start=\"2222\" data-end=\"2296\">\n<p data-start=\"2224\" data-end=\"2296\"><strong data-start=\"2224\" data-end=\"2235\">Safari:<\/strong> support.apple.com\/guide\/safari\/manage-cookies-ibrw1069\/mac<\/p>\n<\/li>\n<\/ul>\n<p data-start=\"2298\" data-end=\"2495\" data-is-last-node=\"\" data-is-only-node=\"\"><strong data-start=\"2298\" data-end=\"2332\">7. Atualiza\u00e7\u00f5es desta pol\u00edtica<\/strong><br data-start=\"2332\" data-end=\"2335\" \/>Podemos rever esta Pol\u00edtica de Cookies sempre que necess\u00e1rio &#8211; recomenda-se a sua consulta peri\u00f3dica.<\/p>\n<\/div>\t\t\t\t\t\t\t\t<\/div>\n\t\t\t\t<\/div>\n\t\t\t\t\t<\/div>\n\t\t\t\t<\/div>\n\t\t<div class=\"elementor-element elementor-element-f56f0bb e-flex e-con-boxed e-con e-parent\" data-id=\"f56f0bb\" data-element_type=\"container\">\n\t\t\t\t\t<div class=\"e-con-inner\">\n\t\t\t\t<div class=\"elementor-element elementor-element-63ba03d elementor-widget elementor-widget-spacer\" data-id=\"63ba03d\" data-element_type=\"widget\" data-widget_type=\"spacer.default\">\n\t\t\t\t<div class=\"elementor-widget-container\">\n\t\t\t\t\t\t\t<div class=\"elementor-spacer\">\n\t\t\t<div class=\"elementor-spacer-inner\"><\/div>\n\t\t<\/div>\n\t\t\t\t\t\t<\/div>\n\t\t\t\t<\/div>\n\t\t\t\t\t<\/div>\n\t\t\t\t<\/div>\n\t\t<div class=\"elementor-element elementor-element-8f2095e e-flex e-con-boxed e-con e-parent\" data-id=\"8f2095e\" data-element_type=\"container\">\n\t\t\t\t\t<div class=\"e-con-inner\">\n\t\t\t\t<div class=\"elementor-element elementor-element-035b98d elementor-widget elementor-widget-html\" data-id=\"035b98d\" data-element_type=\"widget\" data-widget_type=\"html.default\">\n\t\t\t\t<div class=\"elementor-widget-container\">\n\t\t\t\t\t<a href=\"https:\/\/ocarapau.com\/en\/preferencias-de-cookies\/\" class=\"cmplz-show-banner\">Gerir prefer\u00eancias de cookies.<\/a>\r\n\t\t\t\t<\/div>\n\t\t\t\t<\/div>\n\t\t\t\t\t<\/div>\n\t\t\t\t<\/div>\n\t\t\t\t<\/div>","protected":false},"excerpt":{"rendered":"<p>1. O que s\u00e3o cookiesCookies s\u00e3o pequenos ficheiros de texto colocados no teu dispositivo pelo site www.ocarapau.com, que guardam informa\u00e7\u00e3o.. <span class=\"mil-el-more\"><span class=\"mil-link mil-dark mil-arrow-place mil-up\"><span>Read more<\/span><\/span><\/span><\/p>","protected":false},"author":1,"featured_media":0,"parent":0,"menu_order":0,"comment_status":"closed","ping_status":"closed","template":"","meta":{"_monsterinsights_skip_tracking":false,"_monsterinsights_sitenote_active":false,"_monsterinsights_sitenote_note":"","_monsterinsights_sitenote_category":0,"footnotes":""},"class_list":["post-2544","page","type-page","status-publish","hentry"],"acf":[],"aioseo_notices":[],"_links":{"self":[{"href":"https:\/\/ocarapau.com\/en\/wp-json\/wp\/v2\/pages\/2544","targetHints":{"allow":["GET"]}}],"collection":[{"href":"https:\/\/ocarapau.com\/en\/wp-json\/wp\/v2\/pages"}],"about":[{"href":"https:\/\/ocarapau.com\/en\/wp-json\/wp\/v2\/types\/page"}],"author":[{"embeddable":true,"href":"https:\/\/ocarapau.com\/en\/wp-json\/wp\/v2\/users\/1"}],"replies":[{"embeddable":true,"href":"https:\/\/ocarapau.com\/en\/wp-json\/wp\/v2\/comments?post=2544"}],"version-history":[{"count":27,"href":"https:\/\/ocarapau.com\/en\/wp-json\/wp\/v2\/pages\/2544\/revisions"}],"predecessor-version":[{"id":3731,"href":"https:\/\/ocarapau.com\/en\/wp-json\/wp\/v2\/pages\/2544\/revisions\/3731"}],"wp:attachment":[{"href":"https:\/\/ocarapau.com\/en\/wp-json\/wp\/v2\/media?parent=2544"}],"curies":[{"name":"wp","href":"https:\/\/api.w.org\/{rel}","templated":true}]}}