{"id":2593,"date":"2025-06-03T19:40:33","date_gmt":"2025-06-03T19:40:33","guid":{"rendered":"https:\/\/ocarapau.com\/?page_id=2593"},"modified":"2025-07-01T15:50:31","modified_gmt":"2025-07-01T15:50:31","slug":"preferencias-de-cookies","status":"publish","type":"page","link":"https:\/\/ocarapau.com\/en\/preferencias-de-cookies\/","title":{"rendered":"Cookie Preferences"},"content":{"rendered":"<div data-elementor-type=\"wp-page\" data-elementor-id=\"2593\" class=\"elementor elementor-2593\">\n\t\t\t\t<div class=\"elementor-element elementor-element-7d60c3f e-flex e-con-boxed e-con e-parent\" data-id=\"7d60c3f\" data-element_type=\"container\">\n\t\t\t\t\t<div class=\"e-con-inner\">\n\t\t\t\t<div class=\"elementor-element elementor-element-c003c23 elementor-widget elementor-widget-html\" data-id=\"c003c23\" data-element_type=\"widget\" data-widget_type=\"html.default\">\n\t\t\t\t<div class=\"elementor-widget-container\">\n\t\t\t\t\t<h2>Manage your cookie preferences<\/h2>\r\n<p>Click the button below to open cookies settings:<\/p>\r\n<a href=\"#\" class=\"cmplz-show-banner\">Change cookie preferences.<\/a>\t\t\t\t<\/div>\n\t\t\t\t<\/div>\n\t\t\t\t\t<\/div>\n\t\t\t\t<\/div>\n\t\t\t\t<\/div>","protected":false},"excerpt":{"rendered":"<p>Gerir as tuas Prefer\u00eancias de Cookies Clica no bot\u00e3o abaixo para abrir as defini\u00e7\u00f5es de cookies: Alterar prefer\u00eancias de cookies.<\/p>","protected":false},"author":2,"featured_media":0,"parent":0,"menu_order":0,"comment_status":"closed","ping_status":"closed","template":"","meta":{"_monsterinsights_skip_tracking":false,"_monsterinsights_sitenote_active":false,"_monsterinsights_sitenote_note":"","_monsterinsights_sitenote_category":0,"footnotes":""},"class_list":["post-2593","page","type-page","status-publish","hentry"],"acf":[],"aioseo_notices":[],"_links":{"self":[{"href":"https:\/\/ocarapau.com\/en\/wp-json\/wp\/v2\/pages\/2593","targetHints":{"allow":["GET"]}}],"collection":[{"href":"https:\/\/ocarapau.com\/en\/wp-json\/wp\/v2\/pages"}],"about":[{"href":"https:\/\/ocarapau.com\/en\/wp-json\/wp\/v2\/types\/page"}],"author":[{"embeddable":true,"href":"https:\/\/ocarapau.com\/en\/wp-json\/wp\/v2\/users\/2"}],"replies":[{"embeddable":true,"href":"https:\/\/ocarapau.com\/en\/wp-json\/wp\/v2\/comments?post=2593"}],"version-history":[{"count":11,"href":"https:\/\/ocarapau.com\/en\/wp-json\/wp\/v2\/pages\/2593\/revisions"}],"predecessor-version":[{"id":3053,"href":"https:\/\/ocarapau.com\/en\/wp-json\/wp\/v2\/pages\/2593\/revisions\/3053"}],"wp:attachment":[{"href":"https:\/\/ocarapau.com\/en\/wp-json\/wp\/v2\/media?parent=2593"}],"curies":[{"name":"wp","href":"https:\/\/api.w.org\/{rel}","templated":true}]}}