{"id":500,"date":"2023-11-19T23:12:17","date_gmt":"2023-11-19T23:12:17","guid":{"rendered":"https:\/\/ashley-demo.bslthemes.com\/?page_id=500"},"modified":"2026-04-24T13:37:09","modified_gmt":"2026-04-24T13:37:09","slug":"sobre-nos","status":"publish","type":"page","link":"https:\/\/ocarapau.com\/en\/sobre-nos\/","title":{"rendered":"Sobre N\u00f3s"},"content":{"rendered":"<div data-elementor-type=\"wp-page\" data-elementor-id=\"500\" class=\"elementor elementor-500\">\n\t\t\t\t\t\t<section class=\"elementor-section elementor-top-section elementor-element elementor-element-3c653cb elementor-section-full_width elementor-section-height-default elementor-section-height-default\" data-id=\"3c653cb\" data-element_type=\"section\">\n\t\t\t\t\t\t<div class=\"elementor-container elementor-column-gap-no\">\n\t\t\t\t\t<div class=\"elementor-column elementor-col-100 elementor-top-column elementor-element elementor-element-bf430a1\" data-id=\"bf430a1\" data-element_type=\"column\">\n\t\t\t<div class=\"elementor-widget-wrap elementor-element-populated\">\n\t\t\t\t\t\t<div class=\"elementor-element elementor-element-aafa25b elementor-widget elementor-widget-ashley-intro\" data-id=\"aafa25b\" data-element_type=\"widget\" data-widget_type=\"ashley-intro.default\">\n\t\t\t\t<div class=\"elementor-widget-container\">\n\t\t\t\t\t\n\t\t<!-- banner -->\n\t\t\n\t\t<div class=\"mil-inner-banner\">\n\t\t\t\t\t\t<div class=\"mil-banner-content mil-up\">\n\t\t\t\t\t\t\t\t\n\t\t\t\t<div class=\"container\">\n\t\t\t\t\t<ul class=\"mil-breadcrumbs  mil-mb-60\"><li><a href=\"https:\/\/ocarapau.com\/en\/\" title=\"Carapau | Ag\u00eancia Criativa\">Home<\/a><\/li><li><a><\/a><\/li><\/ul>\t\t\t\t\t\t\t\t\t\t\t\t\t\t<\/div>\n\t\t\t<\/div>\n\t\t\t\t\t<\/div>\n\n\t\t\t\t<!-- banner end -->\n\n\t\t\t\t\t\t<\/div>\n\t\t\t\t<\/div>\n\t\t\t\t\t<\/div>\n\t\t<\/div>\n\t\t\t\t\t<\/div>\n\t\t<\/section>\n\t\t\t\t<section class=\"elementor-section elementor-top-section elementor-element elementor-element-f31ac14 elementor-section-content-middle elementor-section-boxed elementor-section-height-default elementor-section-height-default\" data-id=\"f31ac14\" data-element_type=\"section\">\n\t\t\t\t\t\t<div class=\"elementor-container elementor-column-gap-default\">\n\t\t\t\t\t<div class=\"elementor-column elementor-col-50 elementor-top-column elementor-element elementor-element-8df831f\" data-id=\"8df831f\" data-element_type=\"column\">\n\t\t\t<div class=\"elementor-widget-wrap elementor-element-populated\">\n\t\t\t\t\t\t<section class=\"elementor-section elementor-inner-section elementor-element elementor-element-8d2f024 elementor-section-boxed elementor-section-height-default elementor-section-height-default\" data-id=\"8d2f024\" data-element_type=\"section\">\n\t\t\t\t\t\t<div class=\"elementor-container elementor-column-gap-default\">\n\t\t\t\t\t<div class=\"elementor-column elementor-col-100 elementor-inner-column elementor-element elementor-element-9abc5d3\" data-id=\"9abc5d3\" data-element_type=\"column\">\n\t\t\t<div class=\"elementor-widget-wrap elementor-element-populated\">\n\t\t\t\t\t\t<div class=\"elementor-element elementor-element-9083950 elementor-widget elementor-widget-ashley-about-us\" data-id=\"9083950\" data-element_type=\"widget\" data-widget_type=\"ashley-about-us.default\">\n\t\t\t\t<div class=\"elementor-widget-container\">\n\t\t\t\t\t\n\t\t\n\t\t\t\t<h2 class=\"mil-h2 mil-title-el mil-up mil-mb-30\">\n\t\t\t<span >\n\t\t\t\tChallenging the obvious <font color=\"#005cb9\">for 10 Years<\/font>\t\t\t<\/span>\n\t\t<\/h2>\n\t\t\n\t\t\t\t\t\t<\/div>\n\t\t\t\t<\/div>\n\t\t\t\t\t<\/div>\n\t\t<\/div>\n\t\t\t\t\t<\/div>\n\t\t<\/section>\n\t\t\t\t<section class=\"elementor-section elementor-inner-section elementor-element elementor-element-57bbd0b elementor-section-boxed elementor-section-height-default elementor-section-height-default\" data-id=\"57bbd0b\" data-element_type=\"section\">\n\t\t\t\t\t\t<div class=\"elementor-container elementor-column-gap-default\">\n\t\t\t\t\t<div class=\"elementor-column elementor-col-100 elementor-inner-column elementor-element elementor-element-59f4cf3\" data-id=\"59f4cf3\" data-element_type=\"column\">\n\t\t\t<div class=\"elementor-widget-wrap elementor-element-populated\">\n\t\t\t\t\t\t<div class=\"elementor-element elementor-element-178c983 elementor-widget elementor-widget-ashley-description\" data-id=\"178c983\" data-element_type=\"widget\" data-widget_type=\"ashley-description.default\">\n\t\t\t\t<div class=\"elementor-widget-container\">\n\t\t\t\t\t\n\t\t\t\t<div class=\"mil-text mil-up mil-mb-30\">\n\t\t\t<div >\n\t\t\t\t<p>Carapau was born to challenge the obvious. Ten years ago, we started with the mission of creating brands with identity and campaigns that make sense.<br>With an approach that blends strategy and design without losing creativity, we have helped companies from different sectors to gain presence, attract customers, and communicate better.<\/p><p>From visual identity to digital performance, our commitment remains: strong ideas, executed with precision.<\/p>\t\t\t<\/div>\n\t\t<\/div>\n\t\t\n\t\t\t\t\t\t<\/div>\n\t\t\t\t<\/div>\n\t\t\t\t\t<\/div>\n\t\t<\/div>\n\t\t\t\t\t<\/div>\n\t\t<\/section>\n\t\t\t\t\t<\/div>\n\t\t<\/div>\n\t\t\t\t<div class=\"elementor-column elementor-col-50 elementor-top-column elementor-element elementor-element-54745eb\" data-id=\"54745eb\" data-element_type=\"column\" data-settings=\"{&quot;background_background&quot;:&quot;classic&quot;}\">\n\t\t\t<div class=\"elementor-widget-wrap elementor-element-populated\">\n\t\t\t\t<div class=\"elementor-element elementor-element-896667f e-flex e-con-boxed e-con e-parent\" data-id=\"896667f\" data-element_type=\"container\" data-settings=\"{&quot;background_background&quot;:&quot;video&quot;,&quot;background_video_link&quot;:&quot;https:\\\/\\\/ocarapau.com\\\/wp-content\\\/uploads\\\/2025\\\/05\\\/carapau.mp4&quot;,&quot;background_play_on_mobile&quot;:&quot;yes&quot;}\">\n\t\t\t\t\t<div class=\"e-con-inner\">\n\t\t<div class=\"elementor-background-video-container\">\n\t\t\t\t\t\t\t<video class=\"elementor-background-video-hosted\" autoplay muted playsinline loop><\/video>\n\t\t\t\t\t<\/div>\t\t\t<\/div>\n\t\t\t\t<\/div>\n\t\t\t\t\t<\/div>\n\t\t<\/div>\n\t\t\t\t\t<\/div>\n\t\t<\/section>\n\t\t\t\t<section class=\"elementor-section elementor-top-section elementor-element elementor-element-d9a8b37 elementor-section-full_width elementor-section-height-default elementor-section-height-default\" data-id=\"d9a8b37\" data-element_type=\"section\">\n\t\t\t\t\t\t<div class=\"elementor-container elementor-column-gap-no\">\n\t\t\t\t\t<div class=\"elementor-column elementor-col-100 elementor-top-column elementor-element elementor-element-79a950e\" data-id=\"79a950e\" data-element_type=\"column\">\n\t\t\t<div class=\"elementor-widget-wrap elementor-element-populated\">\n\t\t\t\t\t\t<div class=\"elementor-element elementor-element-291acf1 elementor-widget elementor-widget-ashley-intro\" data-id=\"291acf1\" data-element_type=\"widget\" data-widget_type=\"ashley-intro.default\">\n\t\t\t\t<div class=\"elementor-widget-container\">\n\t\t\t\t\t\n\t\t<!-- banner -->\n\t\t\n\t\t<div class=\"mil-inner-banner\">\n\t\t\t\t\t\t<div class=\"mil-banner-content mil-up\">\n\t\t\t\t\t\t\t\t\n\t\t\t\t<div class=\"container\">\n\t\t\t\t\t\t\t\t\t\t\t\t\t\t\t<h2 class=\"el-title mil-mb-60\">\n\t\t\t\t\t\t<span >\n\t\t\t\t\t\t\tGreat <span style=\"color: #005CB9\">ideas<\/span> don't <br>appear out of thin air.\t\t\t\t\t\t<\/span>\n\t\t\t\t\t<\/h2>\n\t\t\t\t\t\t\t\t\t\t\t\t\t\t\t<a href=\"#team\" class=\"mil-link mil-dark mil-arrow-place mil-down-arrow\">\n\t\t\t\t\t\t<span >\n\t\t\t\t\t\t\tOur team\t\t\t\t\t\t<\/span>\n\t\t\t\t\t<\/a>\n\t\t\t\t\t\t\t\t\t<\/div>\n\t\t\t<\/div>\n\t\t\t\t\t<\/div>\n\n\t\t\t\t<!-- banner end -->\n\n\t\t\t\t\t\t<\/div>\n\t\t\t\t<\/div>\n\t\t\t\t\t<\/div>\n\t\t<\/div>\n\t\t\t\t\t<\/div>\n\t\t<\/section>\n\t\t\t\t<section class=\"elementor-section elementor-top-section elementor-element elementor-element-c90fe5e elementor-section-boxed elementor-section-height-default elementor-section-height-default\" data-id=\"c90fe5e\" data-element_type=\"section\" id=\"team\">\n\t\t\t\t\t\t<div class=\"elementor-container elementor-column-gap-default\">\n\t\t\t\t\t<div class=\"elementor-column elementor-col-100 elementor-top-column elementor-element elementor-element-993e0ef\" data-id=\"993e0ef\" data-element_type=\"column\">\n\t\t\t<div class=\"elementor-widget-wrap elementor-element-populated\">\n\t\t\t\t\t\t<section class=\"elementor-section elementor-inner-section elementor-element elementor-element-5629fa7 elementor-section-boxed elementor-section-height-default elementor-section-height-default\" data-id=\"5629fa7\" data-element_type=\"section\">\n\t\t\t\t\t\t<div class=\"elementor-container elementor-column-gap-default\">\n\t\t\t\t\t<div class=\"elementor-column elementor-col-33 elementor-inner-column elementor-element elementor-element-936aecb\" data-id=\"936aecb\" data-element_type=\"column\">\n\t\t\t<div class=\"elementor-widget-wrap elementor-element-populated\">\n\t\t\t\t\t\t<div class=\"elementor-element elementor-element-d2d4a3c elementor-widget elementor-widget-ashley-team\" data-id=\"d2d4a3c\" data-element_type=\"widget\" data-widget_type=\"ashley-team.default\">\n\t\t\t\t<div class=\"elementor-widget-container\">\n\t\t\t\t\t\n\t\t<div class=\"mil-team-card mil-up mil-mb-30\">\n\t\t\t\t\t\t\t\t\t<img decoding=\"async\" src=\"https:\/\/ocarapau.com\/wp-content\/uploads\/2026\/04\/Miguel1.jpg\" alt=\"Miguel Mendes\" \/>\n\t\t\t\t\t\t\n\t\t\t<div class=\"mil-description\">\n\t\t\t\t<div class=\"mil-secrc-text\">\n\t\t\t\t\t\t\t\t\t\t<h5 class=\"mil-muted mil-mb-5\">\n\t\t\t\t\t\t\t\t\t\t\t\t\t<span >\n\t\t\t\t\t\t\t\tMiguel Mendes\t\t\t\t\t\t\t<\/span>\n\t\t\t\t\t\t\t\t\t\t\t<\/h5>\n\t\t\t\t\t\t\t\t\t\t\t\t\t\t\t<p class=\"mil-link mil-light-soft mil-mb-10\">\n\t\t\t\t\t\t<span >\n\t\t\t\t\t\t\tCEO\t\t\t\t\t\t<\/span>\n\t\t\t\t\t<\/p>\n\t\t\t\t\t\t\t\t\t\t\t\t\t\t<\/div>\n\t\t\t<\/div>\n\t\t<\/div>\n\n\t\t\t\t\t\t<\/div>\n\t\t\t\t<\/div>\n\t\t\t\t<div class=\"elementor-element elementor-element-d6bd316 team1 elementor-widget elementor-widget-ashley-team\" data-id=\"d6bd316\" data-element_type=\"widget\" data-widget_type=\"ashley-team.default\">\n\t\t\t\t<div class=\"elementor-widget-container\">\n\t\t\t\t\t\n\t\t<div class=\"mil-team-card mil-up mil-mb-30\">\n\t\t\t\t\t\t\t\t\t<img decoding=\"async\" src=\"https:\/\/ocarapau.com\/wp-content\/uploads\/2026\/04\/Luis1.jpg\" alt=\"Lu\u00eds Costa\" \/>\n\t\t\t\t\t\t\n\t\t\t<div class=\"mil-description\">\n\t\t\t\t<div class=\"mil-secrc-text\">\n\t\t\t\t\t\t\t\t\t\t<h5 class=\"mil-muted mil-mb-5\">\n\t\t\t\t\t\t\t\t\t\t\t\t\t<span >\n\t\t\t\t\t\t\t\tLu\u00eds Costa\t\t\t\t\t\t\t<\/span>\n\t\t\t\t\t\t\t\t\t\t\t<\/h5>\n\t\t\t\t\t\t\t\t\t\t\t\t\t\t\t<p class=\"mil-link mil-light-soft mil-mb-10\">\n\t\t\t\t\t\t<span >\n\t\t\t\t\t\t\tMultimedia &amp; Content\t\t\t\t\t\t<\/span>\n\t\t\t\t\t<\/p>\n\t\t\t\t\t\t\t\t\t\t\t\t\t\t<\/div>\n\t\t\t<\/div>\n\t\t<\/div>\n\n\t\t\t\t\t\t<\/div>\n\t\t\t\t<\/div>\n\t\t\t\t\t<\/div>\n\t\t<\/div>\n\t\t\t\t<div class=\"elementor-column elementor-col-33 elementor-inner-column elementor-element elementor-element-4ddd82a\" data-id=\"4ddd82a\" data-element_type=\"column\">\n\t\t\t<div class=\"elementor-widget-wrap elementor-element-populated\">\n\t\t\t\t\t\t<div class=\"elementor-element elementor-element-fe3e117 elementor-widget elementor-widget-ashley-team\" data-id=\"fe3e117\" data-element_type=\"widget\" data-widget_type=\"ashley-team.default\">\n\t\t\t\t<div class=\"elementor-widget-container\">\n\t\t\t\t\t\n\t\t<div class=\"mil-team-card mil-up mil-mb-30\">\n\t\t\t\t\t\t\t\t\t<img decoding=\"async\" src=\"https:\/\/ocarapau.com\/wp-content\/uploads\/2026\/04\/Daniel1.jpg\" alt=\"Daniel Mendon\u00e7a\" \/>\n\t\t\t\t\t\t\n\t\t\t<div class=\"mil-description\">\n\t\t\t\t<div class=\"mil-secrc-text\">\n\t\t\t\t\t\t\t\t\t\t<h5 class=\"mil-muted mil-mb-5\">\n\t\t\t\t\t\t\t\t\t\t\t\t\t<span >\n\t\t\t\t\t\t\t\tDaniel Mendon\u00e7a\t\t\t\t\t\t\t<\/span>\n\t\t\t\t\t\t\t\t\t\t\t<\/h5>\n\t\t\t\t\t\t\t\t\t\t\t\t\t\t\t<p class=\"mil-link mil-light-soft mil-mb-10\">\n\t\t\t\t\t\t<span >\n\t\t\t\t\t\t\tMultimedia\t\t\t\t\t\t<\/span>\n\t\t\t\t\t<\/p>\n\t\t\t\t\t\t\t\t\t\t\t\t\t\t<\/div>\n\t\t\t<\/div>\n\t\t<\/div>\n\n\t\t\t\t\t\t<\/div>\n\t\t\t\t<\/div>\n\t\t\t\t<div class=\"elementor-element elementor-element-83dcfd7 elementor-widget elementor-widget-ashley-team\" data-id=\"83dcfd7\" data-element_type=\"widget\" data-widget_type=\"ashley-team.default\">\n\t\t\t\t<div class=\"elementor-widget-container\">\n\t\t\t\t\t\n\t\t<div class=\"mil-team-card mil-up mil-mb-30\">\n\t\t\t\t\t\t\t\t\t<img decoding=\"async\" src=\"https:\/\/ocarapau.com\/wp-content\/uploads\/2026\/04\/ines-rodrigues-1.jpg\" alt=\"In\u00eas Rodrigues\" \/>\n\t\t\t\t\t\t\n\t\t\t<div class=\"mil-description\">\n\t\t\t\t<div class=\"mil-secrc-text\">\n\t\t\t\t\t\t\t\t\t\t<h5 class=\"mil-muted mil-mb-5\">\n\t\t\t\t\t\t\t\t\t\t\t\t\t<span >\n\t\t\t\t\t\t\t\tIn\u00eas Rodrigues\t\t\t\t\t\t\t<\/span>\n\t\t\t\t\t\t\t\t\t\t\t<\/h5>\n\t\t\t\t\t\t\t\t\t\t\t\t\t\t\t<p class=\"mil-link mil-light-soft mil-mb-10\">\n\t\t\t\t\t\t<span >\n\t\t\t\t\t\t\tDesign\t\t\t\t\t\t<\/span>\n\t\t\t\t\t<\/p>\n\t\t\t\t\t\t\t\t\t\t\t\t\t\t<\/div>\n\t\t\t<\/div>\n\t\t<\/div>\n\n\t\t\t\t\t\t<\/div>\n\t\t\t\t<\/div>\n\t\t\t\t\t<\/div>\n\t\t<\/div>\n\t\t\t\t<div class=\"elementor-column elementor-col-33 elementor-inner-column elementor-element elementor-element-2517676\" data-id=\"2517676\" data-element_type=\"column\">\n\t\t\t<div class=\"elementor-widget-wrap elementor-element-populated\">\n\t\t\t\t\t\t<div class=\"elementor-element elementor-element-98ce6e1 elementor-widget elementor-widget-ashley-team\" data-id=\"98ce6e1\" data-element_type=\"widget\" data-widget_type=\"ashley-team.default\">\n\t\t\t\t<div class=\"elementor-widget-container\">\n\t\t\t\t\t\n\t\t<div class=\"mil-team-card mil-up mil-mb-30\">\n\t\t\t\t\t\t\t\t\t<img decoding=\"async\" src=\"https:\/\/ocarapau.com\/wp-content\/uploads\/2026\/04\/Melissa1.jpg\" alt=\"Melissa Schulze\" \/>\n\t\t\t\t\t\t\n\t\t\t<div class=\"mil-description\">\n\t\t\t\t<div class=\"mil-secrc-text\">\n\t\t\t\t\t\t\t\t\t\t<h5 class=\"mil-muted mil-mb-5\">\n\t\t\t\t\t\t\t\t\t\t\t\t\t<span >\n\t\t\t\t\t\t\t\tMelissa Schulze\t\t\t\t\t\t\t<\/span>\n\t\t\t\t\t\t\t\t\t\t\t<\/h5>\n\t\t\t\t\t\t\t\t\t\t\t\t\t\t\t<p class=\"mil-link mil-light-soft mil-mb-10\">\n\t\t\t\t\t\t<span >\n\t\t\t\t\t\t\tProject Manager\t\t\t\t\t\t<\/span>\n\t\t\t\t\t<\/p>\n\t\t\t\t\t\t\t\t\t\t\t\t\t\t<\/div>\n\t\t\t<\/div>\n\t\t<\/div>\n\n\t\t\t\t\t\t<\/div>\n\t\t\t\t<\/div>\n\t\t\t\t<div class=\"elementor-element elementor-element-dc299c0 elementor-widget elementor-widget-ashley-team\" data-id=\"dc299c0\" data-element_type=\"widget\" data-widget_type=\"ashley-team.default\">\n\t\t\t\t<div class=\"elementor-widget-container\">\n\t\t\t\t\t\n\t\t<div class=\"mil-team-card mil-up mil-mb-30\">\n\t\t\t\t\t\t\t\t\t<img decoding=\"async\" src=\"https:\/\/ocarapau.com\/wp-content\/uploads\/2026\/04\/Silvie1.jpg\" alt=\"Silvie Oliveira\" \/>\n\t\t\t\t\t\t\n\t\t\t<div class=\"mil-description\">\n\t\t\t\t<div class=\"mil-secrc-text\">\n\t\t\t\t\t\t\t\t\t\t<h5 class=\"mil-muted mil-mb-5\">\n\t\t\t\t\t\t\t\t\t\t\t\t\t<span >\n\t\t\t\t\t\t\t\tSilvie Oliveira\t\t\t\t\t\t\t<\/span>\n\t\t\t\t\t\t\t\t\t\t\t<\/h5>\n\t\t\t\t\t\t\t\t\t\t\t\t\t\t\t<p class=\"mil-link mil-light-soft mil-mb-10\">\n\t\t\t\t\t\t<span >\n\t\t\t\t\t\t\tPaid Media &amp; Web\t\t\t\t\t\t<\/span>\n\t\t\t\t\t<\/p>\n\t\t\t\t\t\t\t\t\t\t\t\t\t\t<\/div>\n\t\t\t<\/div>\n\t\t<\/div>\n\n\t\t\t\t\t\t<\/div>\n\t\t\t\t<\/div>\n\t\t\t\t\t<\/div>\n\t\t<\/div>\n\t\t\t\t\t<\/div>\n\t\t<\/section>\n\t\t\t\t<section class=\"elementor-section elementor-inner-section elementor-element elementor-element-864579f elementor-section-boxed elementor-section-height-default elementor-section-height-default\" data-id=\"864579f\" data-element_type=\"section\">\n\t\t\t\t\t\t<div class=\"elementor-container elementor-column-gap-default\">\n\t\t\t\t\t<div class=\"elementor-column elementor-col-33 elementor-inner-column elementor-element elementor-element-b7b0262\" data-id=\"b7b0262\" data-element_type=\"column\">\n\t\t\t<div class=\"elementor-widget-wrap elementor-element-populated\">\n\t\t\t\t\t\t<div class=\"elementor-element elementor-element-d011737 elementor-widget elementor-widget-ashley-team\" data-id=\"d011737\" data-element_type=\"widget\" data-widget_type=\"ashley-team.default\">\n\t\t\t\t<div class=\"elementor-widget-container\">\n\t\t\t\t\t\n\t\t<div class=\"mil-team-card mil-up mil-mb-30\">\n\t\t\t\t\t\t\t\t\t<img decoding=\"async\" src=\"https:\/\/ocarapau.com\/wp-content\/uploads\/2026\/04\/Cris-1.jpg\" alt=\"Cristiana Vendas\" \/>\n\t\t\t\t\t\t\n\t\t\t<div class=\"mil-description\">\n\t\t\t\t<div class=\"mil-secrc-text\">\n\t\t\t\t\t\t\t\t\t\t<h5 class=\"mil-muted mil-mb-5\">\n\t\t\t\t\t\t\t\t\t\t\t\t\t<span >\n\t\t\t\t\t\t\t\tCristiana Vendas\t\t\t\t\t\t\t<\/span>\n\t\t\t\t\t\t\t\t\t\t\t<\/h5>\n\t\t\t\t\t\t\t\t\t\t\t\t\t\t\t<p class=\"mil-link mil-light-soft mil-mb-10\">\n\t\t\t\t\t\t<span >\n\t\t\t\t\t\t\tMarketing &amp; Social Media\t\t\t\t\t\t<\/span>\n\t\t\t\t\t<\/p>\n\t\t\t\t\t\t\t\t\t\t\t\t\t\t<\/div>\n\t\t\t<\/div>\n\t\t<\/div>\n\n\t\t\t\t\t\t<\/div>\n\t\t\t\t<\/div>\n\t\t\t\t\t<\/div>\n\t\t<\/div>\n\t\t\t\t<div class=\"elementor-column elementor-col-33 elementor-inner-column elementor-element elementor-element-44bfe84\" data-id=\"44bfe84\" data-element_type=\"column\">\n\t\t\t<div class=\"elementor-widget-wrap elementor-element-populated\">\n\t\t\t\t\t\t<div class=\"elementor-element elementor-element-c370b12 elementor-widget elementor-widget-ashley-team\" data-id=\"c370b12\" data-element_type=\"widget\" data-widget_type=\"ashley-team.default\">\n\t\t\t\t<div class=\"elementor-widget-container\">\n\t\t\t\t\t\n\t\t<div class=\"mil-team-card mil-up mil-mb-30\">\n\t\t\t\t\t\t\t\t\t<img decoding=\"async\" src=\"https:\/\/ocarapau.com\/wp-content\/uploads\/2026\/04\/marta-silva-1.jpg\" alt=\"Marta Silva\" \/>\n\t\t\t\t\t\t\n\t\t\t<div class=\"mil-description\">\n\t\t\t\t<div class=\"mil-secrc-text\">\n\t\t\t\t\t\t\t\t\t\t<h5 class=\"mil-muted mil-mb-5\">\n\t\t\t\t\t\t\t\t\t\t\t\t\t<span >\n\t\t\t\t\t\t\t\tMarta Silva\t\t\t\t\t\t\t<\/span>\n\t\t\t\t\t\t\t\t\t\t\t<\/h5>\n\t\t\t\t\t\t\t\t\t\t\t\t\t\t\t<p class=\"mil-link mil-light-soft mil-mb-10\">\n\t\t\t\t\t\t<span >\n\t\t\t\t\t\t\tDesign\t\t\t\t\t\t<\/span>\n\t\t\t\t\t<\/p>\n\t\t\t\t\t\t\t\t\t\t\t\t\t\t<\/div>\n\t\t\t<\/div>\n\t\t<\/div>\n\n\t\t\t\t\t\t<\/div>\n\t\t\t\t<\/div>\n\t\t\t\t\t<\/div>\n\t\t<\/div>\n\t\t\t\t<div class=\"elementor-column elementor-col-33 elementor-inner-column elementor-element elementor-element-d1c4c41\" data-id=\"d1c4c41\" data-element_type=\"column\">\n\t\t\t<div class=\"elementor-widget-wrap\">\n\t\t\t\t\t\t\t<\/div>\n\t\t<\/div>\n\t\t\t\t\t<\/div>\n\t\t<\/section>\n\t\t\t\t\t<\/div>\n\t\t<\/div>\n\t\t\t\t\t<\/div>\n\t\t<\/section>\n\t\t<div class=\"elementor-element elementor-element-1a37577 e-flex e-con-boxed e-con e-parent\" data-id=\"1a37577\" data-element_type=\"container\" data-settings=\"{&quot;background_background&quot;:&quot;classic&quot;}\">\n\t\t\t\t\t<div class=\"e-con-inner\">\n\t\t<div class=\"elementor-element elementor-element-8d6bcd0 e-con-full e-flex e-con e-child\" data-id=\"8d6bcd0\" data-element_type=\"container\" data-settings=\"{&quot;background_background&quot;:&quot;classic&quot;}\">\n\t\t<div class=\"elementor-element elementor-element-9038fc1 e-con-full e-flex e-con e-child\" data-id=\"9038fc1\" data-element_type=\"container\">\n\t\t\t\t<div class=\"elementor-element elementor-element-556c269 elementor-widget elementor-widget-ashley-about-us\" data-id=\"556c269\" data-element_type=\"widget\" data-widget_type=\"ashley-about-us.default\">\n\t\t\t\t<div class=\"elementor-widget-container\">\n\t\t\t\t\t\n\t\t\n\t\t\t\t<h2 class=\"mil-h3 mil-title-el mil-up mil-mb-30\">\n\t\t\t<span >\n\t\t\t\t<span class=\"mil-thin\">More than ideas,<\/span> we build relationships. <br><span class=\"mil-thin\">Ready to elevate your brand?<\/span>\t\t\t<\/span>\n\t\t<\/h2>\n\t\t\n\t\t\t\t\t\t<\/div>\n\t\t\t\t<\/div>\n\t\t\t\t<\/div>\n\t\t<div class=\"elementor-element elementor-element-1d3b9fb e-con-full e-flex e-con e-child\" data-id=\"1d3b9fb\" data-element_type=\"container\">\n\t\t\t\t<div class=\"elementor-element elementor-element-f358137 elementor-widget elementor-widget-ashley-buttons\" data-id=\"f358137\" data-element_type=\"widget\" data-widget_type=\"ashley-buttons.default\">\n\t\t\t\t<div class=\"elementor-widget-container\">\n\t\t\t\t\t\t\t\n\t\t\t\t<!-- buttons -->\n\t\t<div class=\"mil-up\">\n\t\t\t\t\t\t\t\t\t<a href=\"\/en\/contactos\/\" class=\"mil-button mil-arrow-place\">\n\t\t\t\t<span >\n\t\t\t\t\tGet in touch\t\t\t\t<\/span>\n\t\t\t<\/a>\n\t\t\t\t\t\t\t\t<\/div>\n\t\t<!-- buttons end -->\n\t\t\n\t\t\t\t\t\t<\/div>\n\t\t\t\t<\/div>\n\t\t\t\t<\/div>\n\t\t\t\t<\/div>\n\t\t\t\t\t<\/div>\n\t\t\t\t<\/div>\n\t\t\t\t<\/div>","protected":false},"excerpt":{"rendered":"<p>Home Desafiamos o \u00f3bvio h\u00e1 mais de 10 anos O Carapau nasceu para desafiar o \u00f3bvio. H\u00e1 mais de 10.. <span class=\"mil-el-more\"><span class=\"mil-link mil-dark mil-arrow-place mil-up\"><span>Read more<\/span><\/span><\/span><\/p>","protected":false},"author":1,"featured_media":3347,"parent":0,"menu_order":0,"comment_status":"closed","ping_status":"closed","template":"elementor_header_footer","meta":{"_monsterinsights_skip_tracking":false,"_monsterinsights_sitenote_active":false,"_monsterinsights_sitenote_note":"","_monsterinsights_sitenote_category":0,"footnotes":""},"class_list":["post-500","page","type-page","status-publish","has-post-thumbnail","hentry"],"acf":[],"aioseo_notices":[],"_links":{"self":[{"href":"https:\/\/ocarapau.com\/en\/wp-json\/wp\/v2\/pages\/500","targetHints":{"allow":["GET"]}}],"collection":[{"href":"https:\/\/ocarapau.com\/en\/wp-json\/wp\/v2\/pages"}],"about":[{"href":"https:\/\/ocarapau.com\/en\/wp-json\/wp\/v2\/types\/page"}],"author":[{"embeddable":true,"href":"https:\/\/ocarapau.com\/en\/wp-json\/wp\/v2\/users\/1"}],"replies":[{"embeddable":true,"href":"https:\/\/ocarapau.com\/en\/wp-json\/wp\/v2\/comments?post=500"}],"version-history":[{"count":235,"href":"https:\/\/ocarapau.com\/en\/wp-json\/wp\/v2\/pages\/500\/revisions"}],"predecessor-version":[{"id":3793,"href":"https:\/\/ocarapau.com\/en\/wp-json\/wp\/v2\/pages\/500\/revisions\/3793"}],"wp:featuredmedia":[{"embeddable":true,"href":"https:\/\/ocarapau.com\/en\/wp-json\/wp\/v2\/media\/3347"}],"wp:attachment":[{"href":"https:\/\/ocarapau.com\/en\/wp-json\/wp\/v2\/media?parent=500"}],"curies":[{"name":"wp","href":"https:\/\/api.w.org\/{rel}","templated":true}]}}